{"id":419,"date":"2024-09-05T17:30:39","date_gmt":"2024-09-05T15:30:39","guid":{"rendered":"https:\/\/emdp.es\/politica-de-cookies\/"},"modified":"2024-10-29T16:09:48","modified_gmt":"2024-10-29T15:09:48","slug":"politica-de-cookies","status":"publish","type":"page","link":"https:\/\/emdp.es\/ca\/politica-de-cookies\/","title":{"rendered":"Pol\u00edtica de Cookies"},"content":{"rendered":"\t\t<div data-elementor-type=\"wp-page\" data-elementor-id=\"419\" class=\"elementor elementor-419 elementor-354\" data-elementor-post-type=\"page\">\n\t\t\t\t<div class=\"elementor-element elementor-element-367db73 e-flex e-con-boxed e-con e-parent\" data-id=\"367db73\" data-element_type=\"container\">\n\t\t\t\t\t<div class=\"e-con-inner\">\n\t\t\t\t<div class=\"elementor-element elementor-element-a86c289 elementor-widget elementor-widget-text-editor\" data-id=\"a86c289\" data-element_type=\"widget\" data-widget_type=\"text-editor.default\">\n\t\t\t\t<div class=\"elementor-widget-container\">\n\t\t\t\t\t\t\t<p><span style=\"font-weight: 400;\">L&#8217;acc\u00e9s a aquest Lloc web pot implicar la utilitzaci\u00f3 de cookies. Les cookies s\u00f3n petites quantitats d&#8217;informaci\u00f3 que s&#8217;emmagatzemen en el navegador utilitzat per cada Usuari \u2014en els diferents dispositius que pugui utilitzar per a navegar\u2014 perqu\u00e8 el servidor recordi una certa informaci\u00f3 que posteriorment i \u00fanicament el servidor que la va implementar llegir\u00e0. Les cookies faciliten la navegaci\u00f3, la fan m\u00e9s amigable, i no danyen el dispositiu de navegaci\u00f3.  <\/span><\/p>\n<p><span style=\"font-weight: 400;\">Les cookies s\u00f3n procediments autom\u00e0tics de recollida d&#8217;informaci\u00f3 relativa a les prefer\u00e8ncies determinades per l&#8217;Usuari durant la seva visita al Lloc web amb la finalitat de recon\u00e8ixer-lo com a Usuari, i personalitzar la seva experi\u00e8ncia i l&#8217;\u00fas del Lloc web, i poden tamb\u00e9, per exemple, ajudar a identificar i resoldre errors.<\/span><\/p>\n<p><span style=\"font-weight: 400;\">La informaci\u00f3 recaptada a trav\u00e9s de les cookies pot incloure la data i hora de visites al Lloc web, les p\u00e0gines visionades, el temps que ha estat en el Lloc web i els llocs visitats just abans i despr\u00e9s d&#8217;aquest. No obstant aix\u00f2, cap cookie permet que aquesta mateixa pugui contactar-se amb el n\u00famero de tel\u00e8fon de l&#8217;Usuari o amb qualsevol altre mitj\u00e0 de contacte personal. Cap cookie pot extreure informaci\u00f3 del disc dur de l&#8217;Usuari o robar informaci\u00f3 personal. L&#8217;\u00fanica manera que la informaci\u00f3 privada de l&#8217;Usuari formi part de l&#8217;arxiu Cookie \u00e9s que l&#8217;usuari doni personalment aquesta informaci\u00f3 al servidor.   <\/span><\/p>\n<p><span style=\"font-weight: 400;\">Les cookies que permeten identificar a una persona es consideren dades personals. Per tant, a les mateixes els ser\u00e0 aplicable la Pol\u00edtica de Privacitat anteriorment descrita. En aquest sentit, per a la utilitzaci\u00f3 de les mateixes ser\u00e0 necessari el consentiment de l&#8217;Usuari. Aquest consentiment ser\u00e0 comunicat, sobre la base d&#8217;una elecci\u00f3 aut\u00e8ntica, ofert mitjan\u00e7ant una decisi\u00f3 afirmativa i positiva, abans del tractament inicial, amovible i documentat.   <\/p>\n<p><\/span><\/p>\n<p><b>Cookies propies<\/b><\/p>\n<p><span style=\"font-weight: 400;\">S\u00f3n aquelles cookies que s\u00f3n enviades a l&#8217;ordinador o dispositiu de l&#8217;Usuari i gestionades exclusivament per EMDP per al millor funcionament del Lloc web. La informaci\u00f3 que es recapta s&#8217;empra per a millorar la qualitat del Lloc web i el seu Contingut i la seva experi\u00e8ncia com a Usuari. Aquestes cookies permeten recon\u00e8ixer a l&#8217;Usuari com a visitant recurrent del Lloc web i adaptar el contingut per a oferir-li continguts que s&#8217;ajustin a les seves prefer\u00e8ncies.  <\/p>\n<p><\/span><\/p>\n<p><b>Cookies de tercers.<\/b><\/p>\n<p><span style=\"font-weight: 400;\">S\u00f3n cookies utilitzades i gestionades per entitats externes que proporcionen a EMDP serveis sol\u00b7licitats per aquest mateix per a millorar el Lloc web i l&#8217;experi\u00e8ncia de l&#8217;usuari en navegar en el Lloc web. Els principals objectius per als quals s&#8217;utilitzen cookies de tercers s\u00f3n l&#8217;obtenci\u00f3 d&#8217;estad\u00edstiques d&#8217;accessos i analitzar la informaci\u00f3 de la navegaci\u00f3, \u00e9s a dir, com interactua l&#8217;Usuari amb el Lloc web. <\/span><\/p>\n<p><span style=\"font-weight: 400;\">La informaci\u00f3 que s&#8217;obt\u00e9 es refereix, per exemple, al nombre de p\u00e0gines visitades, l&#8217;idioma, el lloc a la qual l&#8217;adre\u00e7a IP des del qual accedeix l&#8217;Usuari, el nombre d&#8217;Usuaris que accedeixen, la freq\u00fc\u00e8ncia i reincid\u00e8ncia de les visites, el temps de visita, el navegador que usen, l&#8217;operador o tipus de dispositiu des del qual es realitza la visita. Aquesta informaci\u00f3 s&#8217;utilitza per a millorar el Lloc web, i detectar noves necessitats per a oferir als Usuaris un Contingut i\/o servei d&#8217;\u00f2ptima qualitat. En tot cas, la informaci\u00f3 es recopila de manera an\u00f2nima i s&#8217;elaboren informes de tend\u00e8ncies del Lloc web sense identificar a usuaris individuals.  <\/span><\/p>\n<p><span style=\"font-weight: 400;\">Pot obtenir m\u00e9s informaci\u00f3 sobre les cookies, la informaci\u00f3 sobre la privacitat, o consultar la descripci\u00f3 del tipus de cookies que s&#8217;utilitza, els seus principals caracter\u00edstiques, per\u00edode d&#8217;expiraci\u00f3, etc. en el seg\u00fcent(s) enlla\u00e7(s):<\/span><\/p>\n<ul>\n<li style=\"font-weight: 400;\" aria-level=\"1\"><span style=\"font-weight: 400;\">Google Fonts: https:\/\/policies.google.com\/privacy<\/span><\/li>\n<li style=\"font-weight: 400;\" aria-level=\"1\"><span style=\"font-weight: 400;\">Google Analytics: https:\/\/business.safety.google\/privacy\/ <br \/>https:\/\/policies.google.com\/technologies\/cookies?hl=es<br \/><\/span>Cookies per a comptar i rastrejar p\u00e0gines vistes:<br \/>_ga (caducitat 2 anys): https:\/\/cookiedatabase.org\/cookie\/google-analytics\/_ga\/<br \/>_ga_*: https:\/\/cookiedatabase.org\/cookie\/google-analytics\/_ga_\/ <\/li>\n<li aria-level=\"1\">Complianz: https:\/\/complianz.io\/legal\/privacy-statement\/<\/li>\n<li aria-level=\"1\">Elementor: https:\/\/cookiedatabase.org\/cookie\/elementor\/elementor\/<br \/>e_document\/global<br \/>e_globals<br \/>elementor<\/li>\n<li aria-level=\"1\">WordPress: https:\/\/cookiedatabase.org\/service\/wordpress\/<\/li>\n<li aria-level=\"1\">WpEmojiSettingsSupports: https:\/\/cookiedatabase.org\/cookie\/wordpress\/wpemojisettingssupports\/<\/li>\n<li aria-level=\"1\">WPML: https:\/\/cookiedatabase.org\/service\/wpml\/<br \/>wp-wpml_current_language: https:\/\/cookiedatabase.org\/cookie\/wpml\/wp-wpml_current_language\/<br \/>wp-wpml_current_admin_language<\/li>\n<li style=\"font-weight: 400;\" aria-level=\"1\"><span style=\"font-weight: 400;\">Google Ads (https:\/\/policies.google.com\/technologies\/cookies?hl=ca)<\/span><span style=\"font-weight: 400;\"><br \/><\/span><\/li>\n<li aria-level=\"1\"><span style=\"font-weight: 400;\">Google ReCAPTCHA: <\/span>https:\/\/cookiedatabase.org\/service\/google-recaptcha\/<\/li>\n<li aria-level=\"1\">Varios:<br \/>_tt_enable_cookie<br \/>_ttp<br \/>continueReview<br \/>e_kit-elements-defaults<br \/>e_library<br \/>tt_appinfo<br \/>tt_pixel_session_index<br \/>tt_sessionid<\/li>\n<\/ul>\n<p><span style=\"font-weight: 400;\">La\/Les entitat(s) encarregada(s) del subministrament de cookies podr\u00e0(n) cedir aquesta informaci\u00f3 a tercers, sempre que l&#8217;exigeixi la llei o sigui un tercer el que processi aquesta informaci\u00f3 per a aquestes entitats.<\/p>\n<p><\/span><\/p>\n<p><b>Deshabilitar, rebutjar i eliminar cookies<\/b><\/p>\n<p><span style=\"font-weight: 400;\">L&#8217;Usuari pot deshabilitar, rebutjar i eliminar les cookies \u2014totalment o parcialment\u2014 instal\u00b7lades en el seu dispositiu mitjan\u00e7ant la configuraci\u00f3 del seu navegador (entre els quals es troben, per exemple, Chrome, Firefox, Safari, Explorer). En aquest sentit, els procediments per a rebutjar i eliminar les cookies poden diferir d&#8217;un navegador d&#8217;Internet a un altre. En conseq\u00fc\u00e8ncia, l&#8217;Usuari ha d&#8217;acudir a les instruccions facilitades pel propi navegador d&#8217;Internet que estigui utilitzant. En el cas que rebutgi l&#8217;\u00fas de cookies \u2014totalment o parcialment\u2014 podr\u00e0 continuar usant el Lloc web, si b\u00e9 podr\u00e0 tenir limitada la utilitzaci\u00f3 d&#8217;algunes de les prestacions d&#8217;aquest.   <\/span><span style=\"font-weight: 400;\"><br \/><\/span><\/p>\n\t\t\t\t\t\t<\/div>\n\t\t\t\t<\/div>\n\t\t\t\t\t<\/div>\n\t\t\t\t<\/div>\n\t\t\t\t<\/div>\n\t\t","protected":false},"excerpt":{"rendered":"<p>L&#8217;acc\u00e9s a aquest Lloc web pot implicar la utilitzaci\u00f3 de cookies. Les cookies s\u00f3n petites quantitats d&#8217;informaci\u00f3 que s&#8217;emmagatzemen en el navegador utilitzat per cada Usuari \u2014en els diferents dispositius que pugui utilitzar per a navegar\u2014 perqu\u00e8 el servidor recordi una certa informaci\u00f3 que posteriorment i \u00fanicament el servidor que la va implementar llegir\u00e0. Les <a href=\"https:\/\/emdp.es\/ca\/politica-de-cookies\/\" aria-label=\"Leer m\u00e1s sobre Pol\u00edtica de Cookies\">Leer m\u00e1s<span class=\"sr-only\"> sobre Pol\u00edtica de Cookies<\/span><\/a><\/p>\n","protected":false},"author":3,"featured_media":0,"parent":0,"menu_order":0,"comment_status":"closed","ping_status":"closed","template":"","meta":{"footnotes":""},"class_list":["post-419","page","type-page","status-publish","hentry"],"yoast_head":"<!-- This site is optimized with the Yoast SEO plugin v23.5 - https:\/\/yoast.com\/wordpress\/plugins\/seo\/ -->\n<title>Pol\u00edtica de Cookies - Expert en Maneig del Dolor Persistent<\/title>\n<meta name=\"description\" content=\"Ent\u00e9n com EMDP utilitza cookies per a millorar la teva experi\u00e8ncia de navegaci\u00f3 i personalitzaci\u00f3 del servei.\" \/>\n<meta name=\"robots\" content=\"index, follow, max-snippet:-1, max-image-preview:large, max-video-preview:-1\" \/>\n<link rel=\"canonical\" href=\"https:\/\/emdp.es\/ca\/politica-de-cookies\/\" \/>\n<meta property=\"og:locale\" content=\"ca_ES\" \/>\n<meta property=\"og:type\" content=\"article\" \/>\n<meta property=\"og:title\" content=\"Pol\u00edtica de Cookies - Expert en Maneig del Dolor Persistent\" \/>\n<meta property=\"og:description\" content=\"Ent\u00e9n com EMDP utilitza cookies per a millorar la teva experi\u00e8ncia de navegaci\u00f3 i personalitzaci\u00f3 del servei.\" \/>\n<meta property=\"og:url\" content=\"https:\/\/emdp.es\/ca\/politica-de-cookies\/\" \/>\n<meta property=\"og:site_name\" content=\"EMDP\" \/>\n<meta property=\"article:modified_time\" content=\"2024-10-29T15:09:48+00:00\" \/>\n<meta name=\"twitter:card\" content=\"summary_large_image\" \/>\n<meta name=\"twitter:label1\" content=\"Temps estimat de lectura\" \/>\n\t<meta name=\"twitter:data1\" content=\"4 minuts\" \/>\n<script type=\"application\/ld+json\" class=\"yoast-schema-graph\">{\"@context\":\"https:\/\/schema.org\",\"@graph\":[{\"@type\":\"WebPage\",\"@id\":\"https:\/\/emdp.es\/ca\/politica-de-cookies\/\",\"url\":\"https:\/\/emdp.es\/ca\/politica-de-cookies\/\",\"name\":\"Pol\u00edtica de Cookies - Expert en Maneig del Dolor Persistent\",\"isPartOf\":{\"@id\":\"https:\/\/emdp.es\/#website\"},\"datePublished\":\"2024-09-05T15:30:39+00:00\",\"dateModified\":\"2024-10-29T15:09:48+00:00\",\"description\":\"Ent\u00e9n com EMDP utilitza cookies per a millorar la teva experi\u00e8ncia de navegaci\u00f3 i personalitzaci\u00f3 del servei.\",\"breadcrumb\":{\"@id\":\"https:\/\/emdp.es\/ca\/politica-de-cookies\/#breadcrumb\"},\"inLanguage\":\"ca\",\"potentialAction\":[{\"@type\":\"ReadAction\",\"target\":[\"https:\/\/emdp.es\/ca\/politica-de-cookies\/\"]}]},{\"@type\":\"BreadcrumbList\",\"@id\":\"https:\/\/emdp.es\/ca\/politica-de-cookies\/#breadcrumb\",\"itemListElement\":[{\"@type\":\"ListItem\",\"position\":1,\"name\":\"Portada\",\"item\":\"https:\/\/emdp.es\/ca\/\"},{\"@type\":\"ListItem\",\"position\":2,\"name\":\"Pol\u00edtica de Cookies\"}]},{\"@type\":\"WebSite\",\"@id\":\"https:\/\/emdp.es\/#website\",\"url\":\"https:\/\/emdp.es\/\",\"name\":\"EMDP\",\"description\":\"Experto en el manejo del dolor persistente\",\"publisher\":{\"@id\":\"https:\/\/emdp.es\/#organization\"},\"potentialAction\":[{\"@type\":\"SearchAction\",\"target\":{\"@type\":\"EntryPoint\",\"urlTemplate\":\"https:\/\/emdp.es\/?s={search_term_string}\"},\"query-input\":{\"@type\":\"PropertyValueSpecification\",\"valueRequired\":true,\"valueName\":\"search_term_string\"}}],\"inLanguage\":\"ca\"},{\"@type\":\"Organization\",\"@id\":\"https:\/\/emdp.es\/#organization\",\"name\":\"EMDP\",\"url\":\"https:\/\/emdp.es\/\",\"logo\":{\"@type\":\"ImageObject\",\"inLanguage\":\"ca\",\"@id\":\"https:\/\/emdp.es\/#\/schema\/logo\/image\/\",\"url\":\"https:\/\/emdp.es\/wp-content\/uploads\/logo.webp\",\"contentUrl\":\"https:\/\/emdp.es\/wp-content\/uploads\/logo.webp\",\"width\":348,\"height\":68,\"caption\":\"EMDP\"},\"image\":{\"@id\":\"https:\/\/emdp.es\/#\/schema\/logo\/image\/\"}}]}<\/script>\n<!-- \/ Yoast SEO plugin. -->","yoast_head_json":{"title":"Pol\u00edtica de Cookies - Expert en Maneig del Dolor Persistent","description":"Ent\u00e9n com EMDP utilitza cookies per a millorar la teva experi\u00e8ncia de navegaci\u00f3 i personalitzaci\u00f3 del servei.","robots":{"index":"index","follow":"follow","max-snippet":"max-snippet:-1","max-image-preview":"max-image-preview:large","max-video-preview":"max-video-preview:-1"},"canonical":"https:\/\/emdp.es\/ca\/politica-de-cookies\/","og_locale":"ca_ES","og_type":"article","og_title":"Pol\u00edtica de Cookies - Expert en Maneig del Dolor Persistent","og_description":"Ent\u00e9n com EMDP utilitza cookies per a millorar la teva experi\u00e8ncia de navegaci\u00f3 i personalitzaci\u00f3 del servei.","og_url":"https:\/\/emdp.es\/ca\/politica-de-cookies\/","og_site_name":"EMDP","article_modified_time":"2024-10-29T15:09:48+00:00","twitter_card":"summary_large_image","twitter_misc":{"Temps estimat de lectura":"4 minuts"},"schema":{"@context":"https:\/\/schema.org","@graph":[{"@type":"WebPage","@id":"https:\/\/emdp.es\/ca\/politica-de-cookies\/","url":"https:\/\/emdp.es\/ca\/politica-de-cookies\/","name":"Pol\u00edtica de Cookies - Expert en Maneig del Dolor Persistent","isPartOf":{"@id":"https:\/\/emdp.es\/#website"},"datePublished":"2024-09-05T15:30:39+00:00","dateModified":"2024-10-29T15:09:48+00:00","description":"Ent\u00e9n com EMDP utilitza cookies per a millorar la teva experi\u00e8ncia de navegaci\u00f3 i personalitzaci\u00f3 del servei.","breadcrumb":{"@id":"https:\/\/emdp.es\/ca\/politica-de-cookies\/#breadcrumb"},"inLanguage":"ca","potentialAction":[{"@type":"ReadAction","target":["https:\/\/emdp.es\/ca\/politica-de-cookies\/"]}]},{"@type":"BreadcrumbList","@id":"https:\/\/emdp.es\/ca\/politica-de-cookies\/#breadcrumb","itemListElement":[{"@type":"ListItem","position":1,"name":"Portada","item":"https:\/\/emdp.es\/ca\/"},{"@type":"ListItem","position":2,"name":"Pol\u00edtica de Cookies"}]},{"@type":"WebSite","@id":"https:\/\/emdp.es\/#website","url":"https:\/\/emdp.es\/","name":"EMDP","description":"Experto en el manejo del dolor persistente","publisher":{"@id":"https:\/\/emdp.es\/#organization"},"potentialAction":[{"@type":"SearchAction","target":{"@type":"EntryPoint","urlTemplate":"https:\/\/emdp.es\/?s={search_term_string}"},"query-input":{"@type":"PropertyValueSpecification","valueRequired":true,"valueName":"search_term_string"}}],"inLanguage":"ca"},{"@type":"Organization","@id":"https:\/\/emdp.es\/#organization","name":"EMDP","url":"https:\/\/emdp.es\/","logo":{"@type":"ImageObject","inLanguage":"ca","@id":"https:\/\/emdp.es\/#\/schema\/logo\/image\/","url":"https:\/\/emdp.es\/wp-content\/uploads\/logo.webp","contentUrl":"https:\/\/emdp.es\/wp-content\/uploads\/logo.webp","width":348,"height":68,"caption":"EMDP"},"image":{"@id":"https:\/\/emdp.es\/#\/schema\/logo\/image\/"}}]}},"_links":{"self":[{"href":"https:\/\/emdp.es\/ca\/wp-json\/wp\/v2\/pages\/419","targetHints":{"allow":["GET"]}}],"collection":[{"href":"https:\/\/emdp.es\/ca\/wp-json\/wp\/v2\/pages"}],"about":[{"href":"https:\/\/emdp.es\/ca\/wp-json\/wp\/v2\/types\/page"}],"author":[{"embeddable":true,"href":"https:\/\/emdp.es\/ca\/wp-json\/wp\/v2\/users\/3"}],"replies":[{"embeddable":true,"href":"https:\/\/emdp.es\/ca\/wp-json\/wp\/v2\/comments?post=419"}],"version-history":[{"count":2,"href":"https:\/\/emdp.es\/ca\/wp-json\/wp\/v2\/pages\/419\/revisions"}],"predecessor-version":[{"id":1079,"href":"https:\/\/emdp.es\/ca\/wp-json\/wp\/v2\/pages\/419\/revisions\/1079"}],"wp:attachment":[{"href":"https:\/\/emdp.es\/ca\/wp-json\/wp\/v2\/media?parent=419"}],"curies":[{"name":"wp","href":"https:\/\/api.w.org\/{rel}","templated":true}]}}