{"id":426,"date":"2024-06-17T08:41:54","date_gmt":"2024-06-17T06:41:54","guid":{"rendered":"https:\/\/emdp.es\/preu-i-formes-de-pagament\/"},"modified":"2025-04-05T10:14:43","modified_gmt":"2025-04-05T08:14:43","slug":"preu-i-formes-de-pagament","status":"publish","type":"page","link":"https:\/\/emdp.es\/ca\/preu-i-formes-de-pagament\/","title":{"rendered":"Preu i formes de pagament"},"content":{"rendered":"\t\t<div data-elementor-type=\"wp-page\" data-elementor-id=\"426\" class=\"elementor elementor-426 elementor-268\" data-elementor-post-type=\"page\">\n\t\t\t\t<div class=\"elementor-element elementor-element-e7d4d3f e-flex e-con-boxed e-con e-parent\" data-id=\"e7d4d3f\" data-element_type=\"container\">\n\t\t\t\t\t<div class=\"e-con-inner\">\n\t\t\t\t<div class=\"elementor-element elementor-element-b104fa7 elementor-widget elementor-widget-heading\" data-id=\"b104fa7\" data-element_type=\"widget\" data-widget_type=\"heading.default\">\n\t\t\t\t<div class=\"elementor-widget-container\">\n\t\t\t<h1 class=\"elementor-heading-title elementor-size-default\">COST I FORMES DE PAGAMENT<\/h1>\t\t<\/div>\n\t\t\t\t<\/div>\n\t\t\t\t\t<\/div>\n\t\t\t\t<\/div>\n\t\t<div class=\"elementor-element elementor-element-cfb9894 e-con-full e-flex e-con e-parent\" data-id=\"cfb9894\" data-element_type=\"container\" data-settings=\"{&quot;background_background&quot;:&quot;classic&quot;}\">\n\t\t\t\t<div class=\"elementor-element elementor-element-f388640 elementor-widget elementor-widget-heading\" data-id=\"f388640\" data-element_type=\"widget\" data-widget_type=\"heading.default\">\n\t\t\t\t<div class=\"elementor-widget-container\">\n\t\t\t<h3 class=\"elementor-heading-title elementor-size-default\">NO ET PERDIS AQUESTA SEGONA EDICI\u00d3, <br>\nM\u00c9S COMPLETA I MAI ABANS VISTA!<\/h3>\t\t<\/div>\n\t\t\t\t<\/div>\n\t\t\t\t<div class=\"elementor-element elementor-element-5ef0771 elementor-widget elementor-widget-text-editor\" data-id=\"5ef0771\" data-element_type=\"widget\" data-widget_type=\"text-editor.default\">\n\t\t\t\t<div class=\"elementor-widget-container\">\n\t\t\t\t\t\t\t<h3>Primer pagament en concepte de <strong>PREINSCRIPCI\u00d3:<\/strong> <span style=\"color: #ccfff8;\"><strong>95 \u20ac<\/strong><\/span><\/h3>\t\t\t\t\t\t<\/div>\n\t\t\t\t<\/div>\n\t\t\t\t<div class=\"elementor-element elementor-element-fd52178 elementor-widget elementor-widget-heading\" data-id=\"fd52178\" data-element_type=\"widget\" data-widget_type=\"heading.default\">\n\t\t\t\t<div class=\"elementor-widget-container\">\n\t\t\t<p class=\"elementor-heading-title elementor-size-default\">Aquesta quantitat es descomptar\u00e0 del preu final <br><br>\nEl per\u00edode de reserva \u00e9s fins al 30 de juny de 2025<\/p>\t\t<\/div>\n\t\t\t\t<\/div>\n\t\t<div class=\"elementor-element elementor-element-e8dedd7 e-grid e-con-full e-con e-child\" data-id=\"e8dedd7\" data-element_type=\"container\">\n\t\t<div class=\"elementor-element elementor-element-e3e1c99 e-con-full e-flex e-con e-child\" data-id=\"e3e1c99\" data-element_type=\"container\">\n\t\t\t\t<div class=\"elementor-element elementor-element-348a428 elementor-widget elementor-widget-heading\" data-id=\"348a428\" data-element_type=\"widget\" data-widget_type=\"heading.default\">\n\t\t\t\t<div class=\"elementor-widget-container\">\n\t\t\t<h3 class=\"elementor-heading-title elementor-size-default\">PRIMERA convocat\u00f2ria<\/h3>\t\t<\/div>\n\t\t\t\t<\/div>\n\t\t\t\t<div class=\"elementor-element elementor-element-f366c37 elementor-widget elementor-widget-text-editor\" data-id=\"f366c37\" data-element_type=\"widget\" data-widget_type=\"text-editor.default\">\n\t\t\t\t<div class=\"elementor-widget-container\">\n\t\t\t\t\t\t\t<p>Si t&#8217;hi apuntes abans del 30 de juny, aplicarem un descompte del 10%.<\/p>\t\t\t\t\t\t<\/div>\n\t\t\t\t<\/div>\n\t\t\t\t<div class=\"elementor-element elementor-element-52a5b3a elementor-widget elementor-widget-text-editor\" data-id=\"52a5b3a\" data-element_type=\"widget\" data-widget_type=\"text-editor.default\">\n\t\t\t\t<div class=\"elementor-widget-container\">\n\t\t\t\t\t\t\t<p>Cost de la formaci\u00f3:<\/p>\n\t\t\t\t\t\t<\/div>\n\t\t\t\t<\/div>\n\t\t\t\t<div class=\"elementor-element elementor-element-befc6a7 elementor-widget elementor-widget-heading\" data-id=\"befc6a7\" data-element_type=\"widget\" data-widget_type=\"heading.default\">\n\t\t\t\t<div class=\"elementor-widget-container\">\n\t\t\t<h3 class=\"elementor-heading-title elementor-size-default\">6.840\u20ac<\/h3>\t\t<\/div>\n\t\t\t\t<\/div>\n\t\t\t\t<div class=\"elementor-element elementor-element-38cf367 elementor-widget elementor-widget-text-editor\" data-id=\"38cf367\" data-element_type=\"widget\" data-widget_type=\"text-editor.default\">\n\t\t\t\t<div class=\"elementor-widget-container\">\n\t\t\t\t\t\t\t<ul><li><h4><strong>MATRICULACI\u00d3<\/strong>: De l&#8217;1 al 15 de juliol de 2025<\/h4><\/li><\/ul><h4 style=\"padding-left: 40px;\">A la matr\u00edcula se us descomptar\u00e0 la totalitat del descompte i el pagament de reserva i formalitzareu la vostra inscripci\u00f3.<\/h4><ul><li><h4><strong>MATR\u00cdCULA BONIFICADA<\/strong>: 1045 \u20ac<\/h4><\/li><\/ul><h4 style=\"padding-left: 40px;\">Pagaments restants: 8 quotes mensuals de 712,5<\/h4><h4 style=\"padding-left: 40px;\">Es realitzaran els cobraments de les quotes mensuals el dia 5 de cada mes amb inici al novembre de 2025 fins a juny de 2026<\/h4>\t\t\t\t\t\t<\/div>\n\t\t\t\t<\/div>\n\t\t\t\t<\/div>\n\t\t<div class=\"elementor-element elementor-element-620fb16 e-con-full e-flex e-con e-child\" data-id=\"620fb16\" data-element_type=\"container\">\n\t\t\t\t<div class=\"elementor-element elementor-element-e617e3e elementor-widget elementor-widget-heading\" data-id=\"e617e3e\" data-element_type=\"widget\" data-widget_type=\"heading.default\">\n\t\t\t\t<div class=\"elementor-widget-container\">\n\t\t\t<h3 class=\"elementor-heading-title elementor-size-default\">SEGONA convocat\u00f2ria<\/h3>\t\t<\/div>\n\t\t\t\t<\/div>\n\t\t\t\t<div class=\"elementor-element elementor-element-b7ea686 elementor-widget elementor-widget-text-editor\" data-id=\"b7ea686\" data-element_type=\"widget\" data-widget_type=\"text-editor.default\">\n\t\t\t\t<div class=\"elementor-widget-container\">\n\t\t\t\t\t\t\t<p>Cost de la formaci\u00f3 si t&#8217;hi apuntes <span style=\"text-decoration: underline;\">despr\u00e9s<\/span> del 30 de juny del 2025&nbsp;<\/p><p><br><\/p>\t\t\t\t\t\t<\/div>\n\t\t\t\t<\/div>\n\t\t\t\t<div class=\"elementor-element elementor-element-374b78c elementor-widget elementor-widget-text-editor\" data-id=\"374b78c\" data-element_type=\"widget\" data-widget_type=\"text-editor.default\">\n\t\t\t\t<div class=\"elementor-widget-container\">\n\t\t\t\t\t\t\t<p>Cost de la formaci\u00f3:<\/p>\n\t\t\t\t\t\t<\/div>\n\t\t\t\t<\/div>\n\t\t\t\t<div class=\"elementor-element elementor-element-2940e15 elementor-widget elementor-widget-heading\" data-id=\"2940e15\" data-element_type=\"widget\" data-widget_type=\"heading.default\">\n\t\t\t\t<div class=\"elementor-widget-container\">\n\t\t\t<h3 class=\"elementor-heading-title elementor-size-default\">7.600\u20ac<\/h3>\t\t<\/div>\n\t\t\t\t<\/div>\n\t\t\t\t<div class=\"elementor-element elementor-element-8ab42fa elementor-widget elementor-widget-text-editor\" data-id=\"8ab42fa\" data-element_type=\"widget\" data-widget_type=\"text-editor.default\">\n\t\t\t\t<div class=\"elementor-widget-container\">\n\t\t\t\t\t\t\t<ul><li><h4><strong>MATRICULACI\u00d3<\/strong>: S&#8217;iniciar\u00e0 en fer la reserva de la pla\u00e7a<\/h4><\/li><li><h4><strong>MATR\u00cdCULA<\/strong>: 1900 \u20ac<\/h4><\/li><\/ul><h4 style=\"padding-left: 40px;\">Pagaments restants: 8 quotes mensuals de 712,5<\/h4><h4 style=\"padding-left: 40px;\">Es realitzaran els cobraments de les quotes mensuals el dia 5 de cada mes amb inici al novembre de 2025 fins a juny de 2026<\/h4>\t\t\t\t\t\t<\/div>\n\t\t\t\t<\/div>\n\t\t\t\t<\/div>\n\t\t\t\t<\/div>\n\t\t<div class=\"elementor-element elementor-element-c7a508b e-grid e-con-boxed e-con e-child\" data-id=\"c7a508b\" data-element_type=\"container\">\n\t\t\t\t\t<div class=\"e-con-inner\">\n\t\t<div class=\"elementor-element elementor-element-1d2677a e-con-full e-flex e-con e-child\" data-id=\"1d2677a\" data-element_type=\"container\">\n\t\t\t\t<div class=\"elementor-element elementor-element-c8052ac elementor-align-right elementor-mobile-align-justify elementor-widget elementor-widget-button\" data-id=\"c8052ac\" data-element_type=\"widget\" data-widget_type=\"button.default\">\n\t\t\t\t<div class=\"elementor-widget-container\">\n\t\t\t\t\t<div class=\"elementor-button-wrapper\">\n\t\t\t<a class=\"elementor-button elementor-button-link elementor-size-sm\" href=\"https:\/\/docs.google.com\/forms\/d\/e\/1FAIpQLSf_DglHjzbe0-bdHsuzxD3VR2SMeJBC7fJ9rvaHugSxaRWYvQ\/viewform\" target=\"_blank\">\n\t\t\t\t\t\t<span class=\"elementor-button-content-wrapper\">\n\t\t\t\t\t\t\t\t\t<span class=\"elementor-button-text\">VULL INSCRIURE'M JA!<\/span>\n\t\t\t\t\t<\/span>\n\t\t\t\t\t<\/a>\n\t\t<\/div>\n\t\t\t\t<\/div>\n\t\t\t\t<\/div>\n\t\t\t\t<\/div>\n\t\t<div class=\"elementor-element elementor-element-4ea4142 e-con-full e-flex e-con e-child\" data-id=\"4ea4142\" data-element_type=\"container\">\n\t\t\t\t<div class=\"elementor-element elementor-element-4ef47b5 elementor-align-left elementor-mobile-align-justify elementor-widget elementor-widget-button\" data-id=\"4ef47b5\" data-element_type=\"widget\" data-widget_type=\"button.default\">\n\t\t\t\t<div class=\"elementor-widget-container\">\n\t\t\t\t\t<div class=\"elementor-button-wrapper\">\n\t\t\t<a class=\"elementor-button elementor-button-link elementor-size-sm\" href=\"https:\/\/emdp.es\/ca\/formulari-inscripcio\/\">\n\t\t\t\t\t\t<span class=\"elementor-button-content-wrapper\">\n\t\t\t\t\t\t\t\t\t<span class=\"elementor-button-text\">M\u00c9S INFORMACI\u00d3<\/span>\n\t\t\t\t\t<\/span>\n\t\t\t\t\t<\/a>\n\t\t<\/div>\n\t\t\t\t<\/div>\n\t\t\t\t<\/div>\n\t\t\t\t<\/div>\n\t\t\t\t\t<\/div>\n\t\t\t\t<\/div>\n\t\t\t\t<\/div>\n\t\t\t\t<\/div>\n\t\t","protected":false},"excerpt":{"rendered":"<p>COST I FORMES DE PAGAMENT NO ET PERDIS AQUESTA SEGONA EDICI\u00d3, M\u00c9S COMPLETA I MAI ABANS VISTA! Primer pagament en concepte de PREINSCRIPCI\u00d3: 95 \u20ac Aquesta quantitat es descomptar\u00e0 del preu final El per\u00edode de reserva \u00e9s fins al 30 de juny de 2025 PRIMERA convocat\u00f2ria Si t&#8217;hi apuntes abans del 30 de juny, aplicarem <a href=\"https:\/\/emdp.es\/ca\/preu-i-formes-de-pagament\/\" aria-label=\"Leer m\u00e1s sobre Preu i formes de pagament\">Leer m\u00e1s<span class=\"sr-only\"> sobre Preu i formes de pagament<\/span><\/a><\/p>\n","protected":false},"author":1,"featured_media":0,"parent":0,"menu_order":0,"comment_status":"closed","ping_status":"closed","template":"","meta":{"footnotes":""},"class_list":["post-426","page","type-page","status-publish","hentry"],"yoast_head":"<!-- This site is optimized with the Yoast SEO plugin v23.5 - https:\/\/yoast.com\/wordpress\/plugins\/seo\/ -->\n<title>Preus i pagaments - Postgrau Expert en el Maneig del Dolor Persistent<\/title>\n<meta name=\"description\" content=\"Consulta els preus i opcions de pagament flexibles per a inscriure&#039;t en el Postgrau i especialitzar-te en el tractament del dolor cr\u00f2nic.\" \/>\n<meta name=\"robots\" content=\"index, follow, max-snippet:-1, max-image-preview:large, max-video-preview:-1\" \/>\n<link rel=\"canonical\" href=\"https:\/\/emdp.es\/ca\/preu-i-formes-de-pagament\/\" \/>\n<meta property=\"og:locale\" content=\"ca_ES\" \/>\n<meta property=\"og:type\" content=\"article\" \/>\n<meta property=\"og:title\" content=\"Preus i pagaments - Postgrau Expert en el Maneig del Dolor Persistent\" \/>\n<meta property=\"og:description\" content=\"Consulta els preus i opcions de pagament flexibles per a inscriure&#039;t en el Postgrau i especialitzar-te en el tractament del dolor cr\u00f2nic.\" \/>\n<meta property=\"og:url\" content=\"https:\/\/emdp.es\/ca\/preu-i-formes-de-pagament\/\" \/>\n<meta property=\"og:site_name\" content=\"EMDP\" \/>\n<meta property=\"article:modified_time\" content=\"2025-04-05T08:14:43+00:00\" \/>\n<meta name=\"twitter:card\" content=\"summary_large_image\" \/>\n<meta name=\"twitter:label1\" content=\"Temps estimat de lectura\" \/>\n\t<meta name=\"twitter:data1\" content=\"2 minuts\" \/>\n<script type=\"application\/ld+json\" class=\"yoast-schema-graph\">{\"@context\":\"https:\/\/schema.org\",\"@graph\":[{\"@type\":\"WebPage\",\"@id\":\"https:\/\/emdp.es\/ca\/preu-i-formes-de-pagament\/\",\"url\":\"https:\/\/emdp.es\/ca\/preu-i-formes-de-pagament\/\",\"name\":\"Preus i pagaments - Postgrau Expert en el Maneig del Dolor Persistent\",\"isPartOf\":{\"@id\":\"https:\/\/emdp.es\/#website\"},\"datePublished\":\"2024-06-17T06:41:54+00:00\",\"dateModified\":\"2025-04-05T08:14:43+00:00\",\"description\":\"Consulta els preus i opcions de pagament flexibles per a inscriure't en el Postgrau i especialitzar-te en el tractament del dolor cr\u00f2nic.\",\"breadcrumb\":{\"@id\":\"https:\/\/emdp.es\/ca\/preu-i-formes-de-pagament\/#breadcrumb\"},\"inLanguage\":\"ca\",\"potentialAction\":[{\"@type\":\"ReadAction\",\"target\":[\"https:\/\/emdp.es\/ca\/preu-i-formes-de-pagament\/\"]}]},{\"@type\":\"BreadcrumbList\",\"@id\":\"https:\/\/emdp.es\/ca\/preu-i-formes-de-pagament\/#breadcrumb\",\"itemListElement\":[{\"@type\":\"ListItem\",\"position\":1,\"name\":\"Portada\",\"item\":\"https:\/\/emdp.es\/ca\/\"},{\"@type\":\"ListItem\",\"position\":2,\"name\":\"Preu i formes de pagament\"}]},{\"@type\":\"WebSite\",\"@id\":\"https:\/\/emdp.es\/#website\",\"url\":\"https:\/\/emdp.es\/\",\"name\":\"EMDP\",\"description\":\"Experto en el manejo del dolor persistente\",\"publisher\":{\"@id\":\"https:\/\/emdp.es\/#organization\"},\"potentialAction\":[{\"@type\":\"SearchAction\",\"target\":{\"@type\":\"EntryPoint\",\"urlTemplate\":\"https:\/\/emdp.es\/?s={search_term_string}\"},\"query-input\":{\"@type\":\"PropertyValueSpecification\",\"valueRequired\":true,\"valueName\":\"search_term_string\"}}],\"inLanguage\":\"ca\"},{\"@type\":\"Organization\",\"@id\":\"https:\/\/emdp.es\/#organization\",\"name\":\"EMDP\",\"url\":\"https:\/\/emdp.es\/\",\"logo\":{\"@type\":\"ImageObject\",\"inLanguage\":\"ca\",\"@id\":\"https:\/\/emdp.es\/#\/schema\/logo\/image\/\",\"url\":\"https:\/\/emdp.es\/wp-content\/uploads\/logo.webp\",\"contentUrl\":\"https:\/\/emdp.es\/wp-content\/uploads\/logo.webp\",\"width\":348,\"height\":68,\"caption\":\"EMDP\"},\"image\":{\"@id\":\"https:\/\/emdp.es\/#\/schema\/logo\/image\/\"}}]}<\/script>\n<!-- \/ Yoast SEO plugin. -->","yoast_head_json":{"title":"Preus i pagaments - Postgrau Expert en el Maneig del Dolor Persistent","description":"Consulta els preus i opcions de pagament flexibles per a inscriure't en el Postgrau i especialitzar-te en el tractament del dolor cr\u00f2nic.","robots":{"index":"index","follow":"follow","max-snippet":"max-snippet:-1","max-image-preview":"max-image-preview:large","max-video-preview":"max-video-preview:-1"},"canonical":"https:\/\/emdp.es\/ca\/preu-i-formes-de-pagament\/","og_locale":"ca_ES","og_type":"article","og_title":"Preus i pagaments - Postgrau Expert en el Maneig del Dolor Persistent","og_description":"Consulta els preus i opcions de pagament flexibles per a inscriure't en el Postgrau i especialitzar-te en el tractament del dolor cr\u00f2nic.","og_url":"https:\/\/emdp.es\/ca\/preu-i-formes-de-pagament\/","og_site_name":"EMDP","article_modified_time":"2025-04-05T08:14:43+00:00","twitter_card":"summary_large_image","twitter_misc":{"Temps estimat de lectura":"2 minuts"},"schema":{"@context":"https:\/\/schema.org","@graph":[{"@type":"WebPage","@id":"https:\/\/emdp.es\/ca\/preu-i-formes-de-pagament\/","url":"https:\/\/emdp.es\/ca\/preu-i-formes-de-pagament\/","name":"Preus i pagaments - Postgrau Expert en el Maneig del Dolor Persistent","isPartOf":{"@id":"https:\/\/emdp.es\/#website"},"datePublished":"2024-06-17T06:41:54+00:00","dateModified":"2025-04-05T08:14:43+00:00","description":"Consulta els preus i opcions de pagament flexibles per a inscriure't en el Postgrau i especialitzar-te en el tractament del dolor cr\u00f2nic.","breadcrumb":{"@id":"https:\/\/emdp.es\/ca\/preu-i-formes-de-pagament\/#breadcrumb"},"inLanguage":"ca","potentialAction":[{"@type":"ReadAction","target":["https:\/\/emdp.es\/ca\/preu-i-formes-de-pagament\/"]}]},{"@type":"BreadcrumbList","@id":"https:\/\/emdp.es\/ca\/preu-i-formes-de-pagament\/#breadcrumb","itemListElement":[{"@type":"ListItem","position":1,"name":"Portada","item":"https:\/\/emdp.es\/ca\/"},{"@type":"ListItem","position":2,"name":"Preu i formes de pagament"}]},{"@type":"WebSite","@id":"https:\/\/emdp.es\/#website","url":"https:\/\/emdp.es\/","name":"EMDP","description":"Experto en el manejo del dolor persistente","publisher":{"@id":"https:\/\/emdp.es\/#organization"},"potentialAction":[{"@type":"SearchAction","target":{"@type":"EntryPoint","urlTemplate":"https:\/\/emdp.es\/?s={search_term_string}"},"query-input":{"@type":"PropertyValueSpecification","valueRequired":true,"valueName":"search_term_string"}}],"inLanguage":"ca"},{"@type":"Organization","@id":"https:\/\/emdp.es\/#organization","name":"EMDP","url":"https:\/\/emdp.es\/","logo":{"@type":"ImageObject","inLanguage":"ca","@id":"https:\/\/emdp.es\/#\/schema\/logo\/image\/","url":"https:\/\/emdp.es\/wp-content\/uploads\/logo.webp","contentUrl":"https:\/\/emdp.es\/wp-content\/uploads\/logo.webp","width":348,"height":68,"caption":"EMDP"},"image":{"@id":"https:\/\/emdp.es\/#\/schema\/logo\/image\/"}}]}},"_links":{"self":[{"href":"https:\/\/emdp.es\/ca\/wp-json\/wp\/v2\/pages\/426","targetHints":{"allow":["GET"]}}],"collection":[{"href":"https:\/\/emdp.es\/ca\/wp-json\/wp\/v2\/pages"}],"about":[{"href":"https:\/\/emdp.es\/ca\/wp-json\/wp\/v2\/types\/page"}],"author":[{"embeddable":true,"href":"https:\/\/emdp.es\/ca\/wp-json\/wp\/v2\/users\/1"}],"replies":[{"embeddable":true,"href":"https:\/\/emdp.es\/ca\/wp-json\/wp\/v2\/comments?post=426"}],"version-history":[{"count":5,"href":"https:\/\/emdp.es\/ca\/wp-json\/wp\/v2\/pages\/426\/revisions"}],"predecessor-version":[{"id":1348,"href":"https:\/\/emdp.es\/ca\/wp-json\/wp\/v2\/pages\/426\/revisions\/1348"}],"wp:attachment":[{"href":"https:\/\/emdp.es\/ca\/wp-json\/wp\/v2\/media?parent=426"}],"curies":[{"name":"wp","href":"https:\/\/api.w.org\/{rel}","templated":true}]}}